{"id":1383,"date":"2017-07-26T17:33:00","date_gmt":"2017-07-26T15:33:00","guid":{"rendered":"http:\/\/www.chocolats-chocogil.com\/espace-professionnels\/?page_id=1383"},"modified":"2019-10-17T01:10:51","modified_gmt":"2019-10-16T23:10:51","slug":"histoire-de-chocolaterie","status":"publish","type":"page","link":"https:\/\/www.chocolats-chocogil.com\/espace-professionnels\/histoire-de-chocolaterie\/","title":{"rendered":"Histoire &#8211; Gamme &#8211; Conservation"},"content":{"rendered":"\t\t<div data-elementor-type=\"wp-post\" data-elementor-id=\"1383\" class=\"elementor elementor-1383\">\n\t\t\t\t\t\t<div class=\"elementor-inner\">\n\t\t\t\t<div class=\"elementor-section-wrap\">\n\t\t\t\t\t\t\t\t\t<section class=\"elementor-section elementor-top-section elementor-element elementor-element-e24a8c9 elementor-section-boxed elementor-section-height-default elementor-section-height-default\" data-id=\"e24a8c9\" data-element_type=\"section\">\n\t\t\t\t\t\t<div class=\"elementor-container elementor-column-gap-default\">\n\t\t\t\t\t\t\t<div class=\"elementor-row\">\n\t\t\t\t\t<div class=\"elementor-column elementor-col-50 elementor-top-column elementor-element elementor-element-56438bd\" data-id=\"56438bd\" data-element_type=\"column\">\n\t\t\t<div class=\"elementor-column-wrap elementor-element-populated\">\n\t\t\t\t\t\t\t<div class=\"elementor-widget-wrap\">\n\t\t\t\t\t\t<div class=\"elementor-element elementor-element-e4e5061 elementor-widget elementor-widget-image\" data-id=\"e4e5061\" data-element_type=\"widget\" data-widget_type=\"image.default\">\n\t\t\t\t<div class=\"elementor-widget-container\">\n\t\t\t\t\t\t\t\t<div class=\"elementor-image\">\n\t\t\t\t\t\t\t\t\t\t\t\t<img decoding=\"async\" src=\"https:\/\/www.chocolats-chocogil.com\/wp-content\/uploads\/2017\/07\/chocogil-avant.png\" title=\"\" alt=\"\" \/>\t\t\t\t\t\t\t\t\t\t\t\t\t\t<\/div>\n\t\t\t\t\t\t<\/div>\n\t\t\t\t<\/div>\n\t\t\t\t\t\t<\/div>\n\t\t\t\t\t<\/div>\n\t\t<\/div>\n\t\t\t\t<div class=\"elementor-column elementor-col-50 elementor-top-column elementor-element elementor-element-691c2ef\" data-id=\"691c2ef\" data-element_type=\"column\">\n\t\t\t<div class=\"elementor-column-wrap elementor-element-populated\">\n\t\t\t\t\t\t\t<div class=\"elementor-widget-wrap\">\n\t\t\t\t\t\t<div class=\"elementor-element elementor-element-8be6cb7 elementor-widget elementor-widget-heading\" data-id=\"8be6cb7\" data-element_type=\"widget\" data-widget_type=\"heading.default\">\n\t\t\t\t<div class=\"elementor-widget-container\">\n\t\t\t<h2 class=\"elementor-heading-title elementor-size-default\">Hier et aujourd'hui\n<\/h2>\t\t<\/div>\n\t\t\t\t<\/div>\n\t\t\t\t<div class=\"elementor-element elementor-element-a8f7b16 elementor-widget elementor-widget-text-editor\" data-id=\"a8f7b16\" data-element_type=\"widget\" data-widget_type=\"text-editor.default\">\n\t\t\t\t<div class=\"elementor-widget-container\">\n\t\t\t\t\t\t\t\t<div class=\"elementor-text-editor elementor-clearfix\">\n\t\t\t\t<p>CHOCOGIL est install\u00e9 au c\u0153ur de la Champagne depuis la fin des ann\u00e9es cinquante.<\/p><p>Gilbert BROISSON, repr\u00e9sentant en chocolat, souhaite \u00e0 cette \u00e9poque r\u00e9aliser une petite friandise en\u00a0<strong>chocolat fourr\u00e9 au Marc de Champagne<\/strong>. En 1957, pour faire aboutir ce projet, il cr\u00e9e pour cela \u00e0 Saint-Dizier CHOCOGIL. L&rsquo;aventure du bouchon en chocolat fourr\u00e9 au Marc de Champagne qui fera la r\u00e9putation de CHOCOGIL commence alors.<br \/>\u2014\u2014\u2014\u2014\u2014\u2014\u2014<\/p>\t\t\t\t\t<\/div>\n\t\t\t\t\t\t<\/div>\n\t\t\t\t<\/div>\n\t\t\t\t<div class=\"elementor-element elementor-element-d8f51a2 elementor-widget elementor-widget-toggle\" data-id=\"d8f51a2\" data-element_type=\"widget\" data-widget_type=\"toggle.default\">\n\t\t\t\t<div class=\"elementor-widget-container\">\n\t\t\t\t\t<div class=\"elementor-toggle\" role=\"tablist\">\n\t\t\t\t\t\t\t<div class=\"elementor-toggle-item\">\n\t\t\t\t\t<div id=\"elementor-tab-title-2271\" class=\"elementor-tab-title\" data-tab=\"1\" role=\"tab\" aria-controls=\"elementor-tab-content-2271\" aria-expanded=\"false\">\n\t\t\t\t\t\t\t\t\t\t\t\t<span class=\"elementor-toggle-icon elementor-toggle-icon-right\" aria-hidden=\"true\">\n\t\t\t\t\t\t\t\t\t\t\t\t\t\t\t<span class=\"elementor-toggle-icon-closed\"><i class=\"fas fa-caret-right\"><\/i><\/span>\n\t\t\t\t\t\t\t\t<span class=\"elementor-toggle-icon-opened\"><i class=\"elementor-toggle-icon-opened fas fa-caret-up\"><\/i><\/span>\n\t\t\t\t\t\t\t\t\t\t\t\t\t<\/span>\n\t\t\t\t\t\t\t\t\t\t\t\t<a href=\"\" class=\"elementor-toggle-title\">En voir plus<\/a>\n\t\t\t\t\t<\/div>\n\n\t\t\t\t\t<div id=\"elementor-tab-content-2271\" class=\"elementor-tab-content elementor-clearfix\" data-tab=\"1\" role=\"tabpanel\" aria-labelledby=\"elementor-tab-title-2271\"><p><span style=\"color: #000000;\">Face \u00e0 une demande grandissante n\u00e9cessitant un espace de fabrication plus important, la chocolaterie d\u00e9m\u00e9nage \u00e0 Bettancourt-la-Ferr\u00e9e.<\/span><br \/><span style=\"color: #000000;\">Elle est toujours install\u00e9e \u00e0 cet endroit aujourd&rsquo;hui.<\/span><br \/><span style=\"color: #000000;\">Grande\u00a0<strong>sp\u00e9cialit\u00e9 r\u00e9gionale<\/strong>, le bouchon au Marc de Champagne reste aujourd&rsquo;hui le produit leader de la chocolaterie. <\/span><br \/><span style=\"color: #000000;\">Une gamme vari\u00e9e le compl\u00e8te, permettant \u00e0 CHOCOGIL de r\u00e9pondre aux besoins de nos clients. <\/span><br \/><span style=\"color: #000000;\">Riche de sa longue exp\u00e9rience, CHOCOGIL utilise au mieux son savoir-faire. Ma\u00eetrise de la confection de ses chocolats et volont\u00e9 de privil\u00e9gier la qualit\u00e9 permettent de donner une totale satisfaction \u00e0 ceux qui lui accordent leur confiance.<\/span><\/p><p><span style=\"color: #000000;\">Si CHOCOGIL est au d\u00e9part l&rsquo;id\u00e9e d&rsquo;un homme, CHOCOGIL est aujourd&rsquo;hui le fruit du travail de\u00a0<strong>toute une \u00e9quipe<\/strong>, une vingtaine de collaboratrices et collaborateurs. <\/span><br \/><span style=\"color: #000000;\">Elle met tous les jours tout en \u0153uvre pour parvenir \u00e0 la perfection.<\/span><\/p><p><span style=\"color: #000000;\">Des quelques kilos produits \u00e0 sa cr\u00e9ation, CHOCOGIL commercialise aujourd&rsquo;hui plus de 200 tonnes par an de bonbons de chocolats, dans le respect de la tradition chocolati\u00e8re. <\/span><br \/><span style=\"color: #000000;\">L&rsquo;esprit initial demeure, cependant&#8230;<\/span><\/p><\/div>\n\t\t\t\t<\/div>\n\t\t\t\t\t\t\t\t<\/div>\n\t\t\t\t<\/div>\n\t\t\t\t<\/div>\n\t\t\t\t\t\t<\/div>\n\t\t\t\t\t<\/div>\n\t\t<\/div>\n\t\t\t\t\t\t\t\t<\/div>\n\t\t\t\t\t<\/div>\n\t\t<\/section>\n\t\t\t\t<section class=\"elementor-section elementor-top-section elementor-element elementor-element-4df66fa elementor-section-content-top elementor-section-boxed elementor-section-height-default elementor-section-height-default\" data-id=\"4df66fa\" data-element_type=\"section\">\n\t\t\t\t\t\t<div class=\"elementor-container elementor-column-gap-wide\">\n\t\t\t\t\t\t\t<div class=\"elementor-row\">\n\t\t\t\t\t<div class=\"elementor-column elementor-col-50 elementor-top-column elementor-element elementor-element-83c9ba9\" data-id=\"83c9ba9\" data-element_type=\"column\">\n\t\t\t<div class=\"elementor-column-wrap elementor-element-populated\">\n\t\t\t\t\t\t\t<div class=\"elementor-widget-wrap\">\n\t\t\t\t\t\t<div class=\"elementor-element elementor-element-65642f3 elementor-widget elementor-widget-image\" data-id=\"65642f3\" data-element_type=\"widget\" data-widget_type=\"image.default\">\n\t\t\t\t<div class=\"elementor-widget-container\">\n\t\t\t\t\t\t\t\t<div class=\"elementor-image\">\n\t\t\t\t\t\t\t\t\t\t\t\t<img decoding=\"async\" src=\"https:\/\/www.chocolats-chocogil.com\/wp-content\/uploads\/2017\/07\/chocogil-apres.png\" title=\"\" alt=\"\" \/>\t\t\t\t\t\t\t\t\t\t\t\t\t\t<\/div>\n\t\t\t\t\t\t<\/div>\n\t\t\t\t<\/div>\n\t\t\t\t\t\t<\/div>\n\t\t\t\t\t<\/div>\n\t\t<\/div>\n\t\t\t\t<div class=\"elementor-column elementor-col-50 elementor-top-column elementor-element elementor-element-db53027\" data-id=\"db53027\" data-element_type=\"column\">\n\t\t\t<div class=\"elementor-column-wrap elementor-element-populated\">\n\t\t\t\t\t\t\t<div class=\"elementor-widget-wrap\">\n\t\t\t\t\t\t<div class=\"elementor-element elementor-element-d7490ff elementor-widget elementor-widget-heading\" data-id=\"d7490ff\" data-element_type=\"widget\" data-widget_type=\"heading.default\">\n\t\t\t\t<div class=\"elementor-widget-container\">\n\t\t\t<h2 class=\"elementor-heading-title elementor-size-default\">D\u00e9guster\n<\/h2>\t\t<\/div>\n\t\t\t\t<\/div>\n\t\t\t\t<div class=\"elementor-element elementor-element-3e984f7 elementor-widget elementor-widget-text-editor\" data-id=\"3e984f7\" data-element_type=\"widget\" data-widget_type=\"text-editor.default\">\n\t\t\t\t<div class=\"elementor-widget-container\">\n\t\t\t\t\t\t\t\t<div class=\"elementor-text-editor elementor-clearfix\">\n\t\t\t\t<p><strong>Toujours dans le bon ordre<\/strong><\/p><p>Il convient de d\u00e9guster le chocolat lait avant le chocolat noir, le chocolat \u00e0 faible pourcentage de cacao avant celui \u00e0 fort pourcentage. <br \/>Pour la grande satisfaction en bouche, laissez fondre le chocolat plut\u00f4t que le croquer.<br \/>Pour nos bouchons, laisser fondre l\u00e9g\u00e8rement le chocolat noir dans votre bouche afin que vos papilles s&rsquo;impr\u00e8gnent des ar\u00f4mes du chocolat noir 70% cacao. Croquez ensuite doucement la capsule. La liqueur va se lib\u00e9rer et ses parfums vont venir se m\u00e9langer \u00e0 ceux du chocolat.<\/p><p>\u2014\u2014\u2014\u2014\u2014\u2014\u2014<\/p>\t\t\t\t\t<\/div>\n\t\t\t\t\t\t<\/div>\n\t\t\t\t<\/div>\n\t\t\t\t<div class=\"elementor-element elementor-element-6914c91 elementor-widget elementor-widget-toggle\" data-id=\"6914c91\" data-element_type=\"widget\" data-widget_type=\"toggle.default\">\n\t\t\t\t<div class=\"elementor-widget-container\">\n\t\t\t\t\t<div class=\"elementor-toggle\" role=\"tablist\">\n\t\t\t\t\t\t\t<div class=\"elementor-toggle-item\">\n\t\t\t\t\t<div id=\"elementor-tab-title-1101\" class=\"elementor-tab-title\" data-tab=\"1\" role=\"tab\" aria-controls=\"elementor-tab-content-1101\" aria-expanded=\"false\">\n\t\t\t\t\t\t\t\t\t\t\t\t<span class=\"elementor-toggle-icon elementor-toggle-icon-right\" aria-hidden=\"true\">\n\t\t\t\t\t\t\t\t\t\t\t\t\t\t\t<span class=\"elementor-toggle-icon-closed\"><i class=\"fas fa-caret-right\"><\/i><\/span>\n\t\t\t\t\t\t\t\t<span class=\"elementor-toggle-icon-opened\"><i class=\"elementor-toggle-icon-opened fas fa-caret-up\"><\/i><\/span>\n\t\t\t\t\t\t\t\t\t\t\t\t\t<\/span>\n\t\t\t\t\t\t\t\t\t\t\t\t<a href=\"\" class=\"elementor-toggle-title\">En voir plus<\/a>\n\t\t\t\t\t<\/div>\n\n\t\t\t\t\t<div id=\"elementor-tab-content-1101\" class=\"elementor-tab-content elementor-clearfix\" data-tab=\"1\" role=\"tabpanel\" aria-labelledby=\"elementor-tab-title-1101\"><p><strong>D\u00e9guster nos chocolats avec leur meilleure amie<\/strong><\/p><p>Pour appr\u00e9cier au mieux leurs qualit\u00e9s gustatives et leurs parfums, d\u00e9gustez les chocolats CHOCOGIL \u00e0 temp\u00e9rature ambiante (entre 20\u00b0 et 22\u00b0C) avec une eau de grande qualit\u00e9 ou de grand nom.<br \/><br \/><\/p><p><strong>Un accord vin et chocolat ?<\/strong><\/p><p>Oui, mais pas n&rsquo;importe quel chocolat et pas n&rsquo;importe quel vin. <br \/>Le sucre contenu dans le chocolat a tendance \u00e0 prendre le pas sur le vin. <br \/>C&rsquo;est donc avec des chocolats noirs \u00e0 70% cacao &#8211; comme les chocolats noirs CHOCOGIL &#8211; que vous pourrez au mieux allier vins et chocolat. <br \/>C&rsquo;est ensuite vers des vins type Vins Doux Naturels que vous pourrez vous diriger. <br \/>Mais il faudra alors opter pour des vins \u00e0 maturit\u00e9, aux ar\u00f4mes chauds et l\u00e9g\u00e8rement \u00e9pic\u00e9s.<br \/>Le choix peut alors aller vers un Porto 15 ans d&rsquo;\u00e2ge, un X\u00e9r\u00e8s, un Maury 20 ans ou un vieux Banyuls. <br \/>Enfin, souhaiter allier un chocolat \u00e0 la liqueur et un vin est une aberration.<\/p><p>Quel que soit le choix, c&rsquo;est avec mod\u00e9ration que cette d\u00e9gustation se fera, pour mieux appr\u00e9cier les vertus de l&rsquo;accord.<\/p><\/div>\n\t\t\t\t<\/div>\n\t\t\t\t\t\t\t\t<\/div>\n\t\t\t\t<\/div>\n\t\t\t\t<\/div>\n\t\t\t\t\t\t<\/div>\n\t\t\t\t\t<\/div>\n\t\t<\/div>\n\t\t\t\t\t\t\t\t<\/div>\n\t\t\t\t\t<\/div>\n\t\t<\/section>\n\t\t\t\t<section class=\"elementor-section elementor-top-section elementor-element elementor-element-815dd63 elementor-section-content-top elementor-section-boxed elementor-section-height-default elementor-section-height-default\" data-id=\"815dd63\" data-element_type=\"section\">\n\t\t\t\t\t\t<div class=\"elementor-container elementor-column-gap-wide\">\n\t\t\t\t\t\t\t<div class=\"elementor-row\">\n\t\t\t\t\t<div class=\"elementor-column elementor-col-50 elementor-top-column elementor-element elementor-element-2ff31b7\" data-id=\"2ff31b7\" data-element_type=\"column\">\n\t\t\t<div class=\"elementor-column-wrap elementor-element-populated\">\n\t\t\t\t\t\t\t<div class=\"elementor-widget-wrap\">\n\t\t\t\t\t\t<div class=\"elementor-element elementor-element-8ac5f2b elementor-widget elementor-widget-image\" data-id=\"8ac5f2b\" data-element_type=\"widget\" data-widget_type=\"image.default\">\n\t\t\t\t<div class=\"elementor-widget-container\">\n\t\t\t\t\t\t\t\t<div class=\"elementor-image\">\n\t\t\t\t\t\t\t\t\t\t\t\t<img decoding=\"async\" src=\"https:\/\/www.chocolats-chocogil.com\/wp-content\/uploads\/2017\/07\/chocogil-conserver.jpg\" title=\"\" alt=\"\" \/>\t\t\t\t\t\t\t\t\t\t\t\t\t\t<\/div>\n\t\t\t\t\t\t<\/div>\n\t\t\t\t<\/div>\n\t\t\t\t\t\t<\/div>\n\t\t\t\t\t<\/div>\n\t\t<\/div>\n\t\t\t\t<div class=\"elementor-column elementor-col-50 elementor-top-column elementor-element elementor-element-ffe115b\" data-id=\"ffe115b\" data-element_type=\"column\">\n\t\t\t<div class=\"elementor-column-wrap elementor-element-populated\">\n\t\t\t\t\t\t\t<div class=\"elementor-widget-wrap\">\n\t\t\t\t\t\t<div class=\"elementor-element elementor-element-d155e55 elementor-widget elementor-widget-heading\" data-id=\"d155e55\" data-element_type=\"widget\" data-widget_type=\"heading.default\">\n\t\t\t\t<div class=\"elementor-widget-container\">\n\t\t\t<h2 class=\"elementor-heading-title elementor-size-default\">Conserver<\/h2>\t\t<\/div>\n\t\t\t\t<\/div>\n\t\t\t\t<div class=\"elementor-element elementor-element-912ff2f elementor-widget elementor-widget-text-editor\" data-id=\"912ff2f\" data-element_type=\"widget\" data-widget_type=\"text-editor.default\">\n\t\t\t\t<div class=\"elementor-widget-container\">\n\t\t\t\t\t\t\t\t<div class=\"elementor-text-editor elementor-clearfix\">\n\t\t\t\t<p><strong>Le chocolat est un aliment fragile<\/strong><\/p><p>Nos chocolats sont \u00e9labor\u00e9s dans un atelier climatis\u00e9 o\u00f9 la temp\u00e9rature et l&rsquo;hygrom\u00e9trie sont constantes. <br \/>Dans l&rsquo;attente de leur exp\u00e9dition, ils sont stock\u00e9s dans des chambres fra\u00eeches (15\u00b0C \/ 70% d&rsquo;humidit\u00e9 r\u00e9siduelle). <br \/>Nous apportons un soin particulier \u00e0 l&rsquo;exp\u00e9dition de nos chocolats, particuli\u00e8rement en ce qui concerne le conditionnement.<br \/>Un contr\u00f4le quantitatif est effectu\u00e9 avant que la commande ne soit confi\u00e9e au transporteur. <br \/>Nos chocolats quittent donc notre chocolaterie dans des conditions optimales.<\/p>\t\t\t\t\t<\/div>\n\t\t\t\t\t\t<\/div>\n\t\t\t\t<\/div>\n\t\t\t\t<div class=\"elementor-element elementor-element-52741eb elementor-widget elementor-widget-toggle\" data-id=\"52741eb\" data-element_type=\"widget\" data-widget_type=\"toggle.default\">\n\t\t\t\t<div class=\"elementor-widget-container\">\n\t\t\t\t\t<div class=\"elementor-toggle\" role=\"tablist\">\n\t\t\t\t\t\t\t<div class=\"elementor-toggle-item\">\n\t\t\t\t\t<div id=\"elementor-tab-title-8641\" class=\"elementor-tab-title\" data-tab=\"1\" role=\"tab\" aria-controls=\"elementor-tab-content-8641\" aria-expanded=\"false\">\n\t\t\t\t\t\t\t\t\t\t\t\t<span class=\"elementor-toggle-icon elementor-toggle-icon-right\" aria-hidden=\"true\">\n\t\t\t\t\t\t\t\t\t\t\t\t\t\t\t<span class=\"elementor-toggle-icon-closed\"><i class=\"fas fa-caret-right\"><\/i><\/span>\n\t\t\t\t\t\t\t\t<span class=\"elementor-toggle-icon-opened\"><i class=\"elementor-toggle-icon-opened fas fa-caret-up\"><\/i><\/span>\n\t\t\t\t\t\t\t\t\t\t\t\t\t<\/span>\n\t\t\t\t\t\t\t\t\t\t\t\t<a href=\"\" class=\"elementor-toggle-title\">En voir plus<\/a>\n\t\t\t\t\t<\/div>\n\n\t\t\t\t\t<div id=\"elementor-tab-content-8641\" class=\"elementor-tab-content elementor-clearfix\" data-tab=\"1\" role=\"tabpanel\" aria-labelledby=\"elementor-tab-title-8641\"><div id=\"content\" class=\"col-md-10 col-md-push-2\"><div id=\"texte-chogil\"><div class=\"toggle\"><div class=\"more\"><p>D\u00e8s reception, nous vous recommandons de conserver nos chocolats dans un endroit sec et frais, id\u00e9alement entre 15\u00b0 et 18\u00b0C, \u00e0 l&rsquo;abri des odeurs et autres go\u00fbts n\u00e9fastes, des rayons du soleil et de toute source possible de chaleur.\u00a0<br \/>Il convient \u00e9galement de ne pas les stocker dans votre r\u00e9frig\u00e9rateur.\u00a0<br \/>L&rsquo;observation des quelques r\u00e8gles ci-dessus vous permettra, pour votre plus grande satisfaction, de d\u00e9guster des chocolats du plus bel aspect et ayant conserv\u00e9 toutes leurs saveurs.<\/p><\/div><\/div><\/div><\/div><aside id=\"sidebar\" class=\"col-md-2 col-md-pull-10\"><div id=\"woocommerce_widget_cart-2\" class=\"widget col-sm-6 col-md-12 woocommerce widget_shopping_cart\" style=\"width: 134.0625px; transition-delay: 200ms, initial;\">\u00a0<\/div><\/aside><\/div>\n\t\t\t\t<\/div>\n\t\t\t\t\t\t\t\t<\/div>\n\t\t\t\t<\/div>\n\t\t\t\t<\/div>\n\t\t\t\t\t\t<\/div>\n\t\t\t\t\t<\/div>\n\t\t<\/div>\n\t\t\t\t\t\t\t\t<\/div>\n\t\t\t\t\t<\/div>\n\t\t<\/section>\n\t\t\t\t\t\t\t\t\t<\/div>\n\t\t\t<\/div>\n\t\t\t\t\t<\/div>\n\t\t","protected":false},"excerpt":{"rendered":"<p>Hier et aujourd&rsquo;hui CHOCOGIL est install\u00e9 au c\u0153ur de la Champagne depuis la fin des ann\u00e9es cinquante. Gilbert BROISSON, repr\u00e9sentant en chocolat, souhaite \u00e0 cette \u00e9poque r\u00e9aliser une petite friandise en\u00a0chocolat fourr\u00e9 au Marc de Champagne. En 1957, pour faire aboutir ce projet, il cr\u00e9e pour cela \u00e0 Saint-Dizier CHOCOGIL. L&rsquo;aventure du bouchon en chocolat [&hellip;]<\/p>\n","protected":false},"author":1,"featured_media":0,"parent":0,"menu_order":0,"comment_status":"closed","ping_status":"closed","template":"plus\/template-pro.php","meta":{"_exactmetrics_skip_tracking":false,"_exactmetrics_sitenote_active":false,"_exactmetrics_sitenote_note":"","_exactmetrics_sitenote_category":0},"_links":{"self":[{"href":"https:\/\/www.chocolats-chocogil.com\/espace-professionnels\/wp-json\/wp\/v2\/pages\/1383"}],"collection":[{"href":"https:\/\/www.chocolats-chocogil.com\/espace-professionnels\/wp-json\/wp\/v2\/pages"}],"about":[{"href":"https:\/\/www.chocolats-chocogil.com\/espace-professionnels\/wp-json\/wp\/v2\/types\/page"}],"author":[{"embeddable":true,"href":"https:\/\/www.chocolats-chocogil.com\/espace-professionnels\/wp-json\/wp\/v2\/users\/1"}],"replies":[{"embeddable":true,"href":"https:\/\/www.chocolats-chocogil.com\/espace-professionnels\/wp-json\/wp\/v2\/comments?post=1383"}],"version-history":[{"count":61,"href":"https:\/\/www.chocolats-chocogil.com\/espace-professionnels\/wp-json\/wp\/v2\/pages\/1383\/revisions"}],"predecessor-version":[{"id":3377,"href":"https:\/\/www.chocolats-chocogil.com\/espace-professionnels\/wp-json\/wp\/v2\/pages\/1383\/revisions\/3377"}],"wp:attachment":[{"href":"https:\/\/www.chocolats-chocogil.com\/espace-professionnels\/wp-json\/wp\/v2\/media?parent=1383"}],"curies":[{"name":"wp","href":"https:\/\/api.w.org\/{rel}","templated":true}]}}