{"id":1534,"date":"2017-07-28T14:59:22","date_gmt":"2017-07-28T12:59:22","guid":{"rendered":"http:\/\/www.chocolats-chocogil.com\/espace-professionnels\/?page_id=1534"},"modified":"2026-02-09T19:09:14","modified_gmt":"2026-02-09T18:09:14","slug":"ce-scolaire","status":"publish","type":"page","link":"https:\/\/www.chocolats-chocogil.com\/espace-professionnels\/ce-scolaire\/","title":{"rendered":"CE &#038; Scolaires"},"content":{"rendered":"\t\t<div data-elementor-type=\"wp-post\" data-elementor-id=\"1534\" class=\"elementor elementor-1534\">\n\t\t\t\t\t\t<div class=\"elementor-inner\">\n\t\t\t\t<div class=\"elementor-section-wrap\">\n\t\t\t\t\t\t\t\t\t<section class=\"elementor-section elementor-top-section elementor-element elementor-element-r9wvkug elementor-section-boxed elementor-section-height-default elementor-section-height-default\" data-id=\"r9wvkug\" data-element_type=\"section\">\n\t\t\t\t\t\t<div class=\"elementor-container elementor-column-gap-default\">\n\t\t\t\t\t\t\t<div class=\"elementor-row\">\n\t\t\t\t\t<div class=\"elementor-column elementor-col-50 elementor-top-column elementor-element elementor-element-4fqszij\" data-id=\"4fqszij\" data-element_type=\"column\">\n\t\t\t<div class=\"elementor-column-wrap elementor-element-populated\">\n\t\t\t\t\t\t\t<div class=\"elementor-widget-wrap\">\n\t\t\t\t\t\t<div class=\"elementor-element elementor-element-iv4w3lk elementor-view-default elementor-widget elementor-widget-icon\" data-id=\"iv4w3lk\" data-element_type=\"widget\" data-widget_type=\"icon.default\">\n\t\t\t\t<div class=\"elementor-widget-container\">\n\t\t\t\t\t<div class=\"elementor-icon-wrapper\">\n\t\t\t<div class=\"elementor-icon\">\n\t\t\t\t\t\t\t<i class=\"fa fa-building-o\" aria-hidden=\"true\"><\/i>\n\t\t\t\t\t\t<\/div>\n\t\t<\/div>\n\t\t\t\t<\/div>\n\t\t\t\t<\/div>\n\t\t\t\t<div class=\"elementor-element elementor-element-jx9gjp3 elementor-widget elementor-widget-text-editor\" data-id=\"jx9gjp3\" data-element_type=\"widget\" data-widget_type=\"text-editor.default\">\n\t\t\t\t<div class=\"elementor-widget-container\">\n\t\t\t\t\t\t\t\t<div class=\"elementor-text-editor elementor-clearfix\">\n\t\t\t\t<p>COMIT\u00c9S d&rsquo;ENTREPRISES &#8211; CSE <br \/>COLLECTIVIT\u00c9S &#8211; ADMINISTRATION<\/p>\t\t\t\t\t<\/div>\n\t\t\t\t\t\t<\/div>\n\t\t\t\t<\/div>\n\t\t\t\t<div class=\"elementor-element elementor-element-elp8xp9 elementor-widget-divider--view-line elementor-widget elementor-widget-divider\" data-id=\"elp8xp9\" data-element_type=\"widget\" data-widget_type=\"divider.default\">\n\t\t\t\t<div class=\"elementor-widget-container\">\n\t\t\t\t\t<div class=\"elementor-divider\">\n\t\t\t<span class=\"elementor-divider-separator\">\n\t\t\t\t\t\t<\/span>\n\t\t<\/div>\n\t\t\t\t<\/div>\n\t\t\t\t<\/div>\n\t\t\t\t<div class=\"elementor-element elementor-element-g1yvk8b elementor-widget elementor-widget-text-editor\" data-id=\"g1yvk8b\" data-element_type=\"widget\" data-widget_type=\"text-editor.default\">\n\t\t\t\t<div class=\"elementor-widget-container\">\n\t\t\t\t\t\t\t\t<div class=\"elementor-text-editor elementor-clearfix\">\n\t\t\t\t<p>M\u00eame si c&rsquo;est \u00e0 No\u00ebl et \u00e0 P\u00e2ques que nous sommes le plus sollicit\u00e9s, nous proposons <span style=\"color: #dfc15e;\">tout au long de l&rsquo;ann\u00e9e<\/span> aux comit\u00e9s d&rsquo;entreprises, entreprises ou collectivit\u00e9s une gamme de chocolats \u00e0 des<span style=\"color: #dfc15e;\"> prix tr\u00e8s \u00e9tudi\u00e9s<\/span> pour vos commandes group\u00e9es.<\/p><p><br \/>D\u00e9clin\u00e9e en sachets de 250g et 500g ou en ballotins, avec ou sans liqueur, noir ou lait, l&rsquo;offre CE* de CHOCOGIL permet \u00e0 chacun de trouver le chocolat \u00e0 son gout.<br \/>Un prix avantageux\u2026des chocolats de qualit\u00e9\u2026Votre relation avec CHOCOGIL deviendra \u00e0 la longue un partenariat privil\u00e9gi\u00e9.<\/p><p>Pour obtenir plus d&rsquo;informations ou notre tarif sur cette offre CE privil\u00e9gi\u00e9e, vous pouvez nous contacter par t\u00e9l\u00e9phone au<span style=\"color: #dfc15e;\"><strong>\u00a0<span style=\"color: #dfc15e;\">03 25 05 08 49<\/span><\/strong><\/span><\/p><p>\u00a0<\/p><p style=\"text-align: left;\"><em>* Notre offre CE est actuellement r\u00e9serv\u00e9e exclusivement \u00e0 la France M\u00e9tropolitaine.<\/em><\/p><div>\u00a0<\/div>\t\t\t\t\t<\/div>\n\t\t\t\t\t\t<\/div>\n\t\t\t\t<\/div>\n\t\t\t\t<div class=\"elementor-element elementor-element-ac3bdac elementor-align-center elementor-widget elementor-widget-button\" data-id=\"ac3bdac\" data-element_type=\"widget\" data-widget_type=\"button.default\">\n\t\t\t\t<div class=\"elementor-widget-container\">\n\t\t\t\t\t<div class=\"elementor-button-wrapper\">\n\t\t\t<a href=\"https:\/\/www.chocolats-chocogil.com\/wp-content\/Catalogue%20CE%20Paques%202026%20ST.pdf\" target=\"_blank\" class=\"elementor-button-link elementor-button elementor-size-md\" role=\"button\">\n\t\t\t\t\t\t<span class=\"elementor-button-content-wrapper\">\n\t\t\t\t\t\t\t<span class=\"elementor-button-icon elementor-align-icon-left\">\n\t\t\t\t<i aria-hidden=\"true\" class=\"fas fa-download\"><\/i>\t\t\t<\/span>\n\t\t\t\t\t\t<span class=\"elementor-button-text\">T\u00e9l\u00e9charger notre catalogue<\/span>\n\t\t<\/span>\n\t\t\t\t\t<\/a>\n\t\t<\/div>\n\t\t\t\t<\/div>\n\t\t\t\t<\/div>\n\t\t\t\t<div class=\"elementor-element elementor-element-689e70a elementor-widget elementor-widget-text-editor\" data-id=\"689e70a\" data-element_type=\"widget\" data-widget_type=\"text-editor.default\">\n\t\t\t\t<div class=\"elementor-widget-container\">\n\t\t\t\t\t\t\t\t<div class=\"elementor-text-editor elementor-clearfix\">\n\t\t\t\t\t\t\t\t\t<\/div>\n\t\t\t\t\t\t<\/div>\n\t\t\t\t<\/div>\n\t\t\t\t\t\t<\/div>\n\t\t\t\t\t<\/div>\n\t\t<\/div>\n\t\t\t\t<div class=\"elementor-column elementor-col-50 elementor-top-column elementor-element elementor-element-b31ygkd\" data-id=\"b31ygkd\" data-element_type=\"column\">\n\t\t\t<div class=\"elementor-column-wrap elementor-element-populated\">\n\t\t\t\t\t\t\t<div class=\"elementor-widget-wrap\">\n\t\t\t\t\t\t<div class=\"elementor-element elementor-element-i09cwn7 elementor-view-default elementor-widget elementor-widget-icon\" data-id=\"i09cwn7\" data-element_type=\"widget\" data-widget_type=\"icon.default\">\n\t\t\t\t<div class=\"elementor-widget-container\">\n\t\t\t\t\t<div class=\"elementor-icon-wrapper\">\n\t\t\t<div class=\"elementor-icon\">\n\t\t\t\t\t\t\t<i class=\"fa fa-child\" aria-hidden=\"true\"><\/i>\n\t\t\t\t\t\t<\/div>\n\t\t<\/div>\n\t\t\t\t<\/div>\n\t\t\t\t<\/div>\n\t\t\t\t<div class=\"elementor-element elementor-element-uaspdqz elementor-widget elementor-widget-text-editor\" data-id=\"uaspdqz\" data-element_type=\"widget\" data-widget_type=\"text-editor.default\">\n\t\t\t\t<div class=\"elementor-widget-container\">\n\t\t\t\t\t\t\t\t<div class=\"elementor-text-editor elementor-clearfix\">\n\t\t\t\t<p>\u00c9COLES, COLL\u00c8GES, LYC\u00c9ES, ASSOCIATIONS de PARENTS D&rsquo;\u00c9L\u00c8VES &#8230;L&rsquo;OFFRE SCOLAIRE<\/p>\t\t\t\t\t<\/div>\n\t\t\t\t\t\t<\/div>\n\t\t\t\t<\/div>\n\t\t\t\t<div class=\"elementor-element elementor-element-wi56qe5 elementor-widget-divider--view-line elementor-widget elementor-widget-divider\" data-id=\"wi56qe5\" data-element_type=\"widget\" data-widget_type=\"divider.default\">\n\t\t\t\t<div class=\"elementor-widget-container\">\n\t\t\t\t\t<div class=\"elementor-divider\">\n\t\t\t<span class=\"elementor-divider-separator\">\n\t\t\t\t\t\t<\/span>\n\t\t<\/div>\n\t\t\t\t<\/div>\n\t\t\t\t<\/div>\n\t\t\t\t<div class=\"elementor-element elementor-element-pde7q40 elementor-widget elementor-widget-text-editor\" data-id=\"pde7q40\" data-element_type=\"widget\" data-widget_type=\"text-editor.default\">\n\t\t\t\t<div class=\"elementor-widget-container\">\n\t\t\t\t\t\t\t\t<div class=\"elementor-text-editor elementor-clearfix\">\n\t\t\t\t<p><strong>Vous avez un projet scolaire et cherchez \u00e0 le financer ?<\/strong><\/p><p><br \/>Avec les Chocolats CHOCOGIL, c&rsquo;est possible !<br \/>Le syst\u00e8me est simple. <br \/>Nous vous fournissons, \u00e0 des prix <span style=\"color: #dfc15e;\">\u00ab\u00a0DIRECT USINE\u00a0\u00bb<\/span>, des chocolats que vos \u00e9l\u00e8ves proposeront \u00e0 leurs proches aux prix que vous fixerez. <br \/>La diff\u00e9rence entre ce qui vous sera factur\u00e9 et ce qui sera vendu constituera un <span style=\"color: #dfc15e;\">b\u00e9n\u00e9fice<\/span> qui servira \u00e0 financer une partie de votre projet.<\/p><p><br \/>Avec CHOCOGIL, pas de gamme pr\u00e9s\u00e9lectionn\u00e9e. <br \/>C&rsquo;est vous qui nous indiquerez ce que vous souhaitez faire. Nous vous donnerons tous les conseils utiles pour r\u00e9ussir cette op\u00e9ration (s\u00e9lection, prix de vente&#8230;etc.)<\/p><p>Pour obtenir plus d&rsquo;informations ou notre tarif sur l&rsquo;offre scolaire CHOCOGIL, vous pouvez nous contacter par t\u00e9l\u00e9phone au<span style=\"color: #dfc15e;\"><strong> 03 25 05 08 49<\/strong><\/span><\/p>\t\t\t\t\t<\/div>\n\t\t\t\t\t\t<\/div>\n\t\t\t\t<\/div>\n\t\t\t\t<div class=\"elementor-element elementor-element-4aec588 elementor-widget elementor-widget-spacer\" data-id=\"4aec588\" data-element_type=\"widget\" data-widget_type=\"spacer.default\">\n\t\t\t\t<div class=\"elementor-widget-container\">\n\t\t\t\t\t<div class=\"elementor-spacer\">\n\t\t\t<div class=\"elementor-spacer-inner\"><\/div>\n\t\t<\/div>\n\t\t\t\t<\/div>\n\t\t\t\t<\/div>\n\t\t\t\t\t\t<\/div>\n\t\t\t\t\t<\/div>\n\t\t<\/div>\n\t\t\t\t\t\t\t\t<\/div>\n\t\t\t\t\t<\/div>\n\t\t<\/section>\n\t\t\t\t<section class=\"elementor-section elementor-top-section elementor-element elementor-element-c43b9ee elementor-section-content-middle elementor-section-boxed elementor-section-height-default elementor-section-height-default\" data-id=\"c43b9ee\" data-element_type=\"section\">\n\t\t\t\t\t\t<div class=\"elementor-container elementor-column-gap-default\">\n\t\t\t\t\t\t\t<div class=\"elementor-row\">\n\t\t\t\t\t<div class=\"elementor-column elementor-col-100 elementor-top-column elementor-element elementor-element-58bb9c1\" data-id=\"58bb9c1\" data-element_type=\"column\">\n\t\t\t<div class=\"elementor-column-wrap elementor-element-populated\">\n\t\t\t\t\t\t\t<div class=\"elementor-widget-wrap\">\n\t\t\t\t\t\t<div class=\"elementor-element elementor-element-a0e39ea elementor-widget-divider--view-line elementor-widget elementor-widget-divider\" data-id=\"a0e39ea\" data-element_type=\"widget\" data-widget_type=\"divider.default\">\n\t\t\t\t<div class=\"elementor-widget-container\">\n\t\t\t\t\t<div class=\"elementor-divider\">\n\t\t\t<span class=\"elementor-divider-separator\">\n\t\t\t\t\t\t<\/span>\n\t\t<\/div>\n\t\t\t\t<\/div>\n\t\t\t\t<\/div>\n\t\t\t\t<div class=\"elementor-element elementor-element-8ec394c elementor-widget elementor-widget-spacer\" data-id=\"8ec394c\" data-element_type=\"widget\" data-widget_type=\"spacer.default\">\n\t\t\t\t<div class=\"elementor-widget-container\">\n\t\t\t\t\t<div class=\"elementor-spacer\">\n\t\t\t<div class=\"elementor-spacer-inner\"><\/div>\n\t\t<\/div>\n\t\t\t\t<\/div>\n\t\t\t\t<\/div>\n\t\t\t\t<div class=\"elementor-element elementor-element-c7b4b33 elementor-widget elementor-widget-heading\" data-id=\"c7b4b33\" data-element_type=\"widget\" data-widget_type=\"heading.default\">\n\t\t\t\t<div class=\"elementor-widget-container\">\n\t\t\t<h2 class=\"elementor-heading-title elementor-size-default\">Formulaire CE \/ ECOLE<\/h2>\t\t<\/div>\n\t\t\t\t<\/div>\n\t\t\t\t<div class=\"elementor-element elementor-element-479a582 elementor-widget elementor-widget-shortcode\" data-id=\"479a582\" data-element_type=\"widget\" data-widget_type=\"shortcode.default\">\n\t\t\t\t<div class=\"elementor-widget-container\">\n\t\t\t\t\t<div class=\"elementor-shortcode\"><div role=\"form\" class=\"wpcf7\" id=\"wpcf7-f2172-o1\" lang=\"fr-FR\" dir=\"ltr\">\n<div class=\"screen-reader-response\"><\/div>\n<form action=\"\/espace-professionnels\/wp-json\/wp\/v2\/pages\/1534#wpcf7-f2172-o1\" method=\"post\" class=\"wpcf7-form cf7-style monochrome-light\" novalidate=\"novalidate\">\n<div style=\"display: none;\">\n<input type=\"hidden\" name=\"_wpcf7\" value=\"2172\" \/>\n<input type=\"hidden\" name=\"_wpcf7_version\" value=\"5.1.4\" \/>\n<input type=\"hidden\" name=\"_wpcf7_locale\" value=\"fr_FR\" \/>\n<input type=\"hidden\" name=\"_wpcf7_unit_tag\" value=\"wpcf7-f2172-o1\" \/>\n<input type=\"hidden\" name=\"_wpcf7_container_post\" value=\"0\" \/>\n<input type=\"hidden\" name=\"g-recaptcha-response\" value=\"\" \/>\n<\/div>\n<p><span class=\"wpcf7-form-control-wrap menu-98\"><select name=\"menu-98\" class=\"wpcf7-form-control wpcf7-select wpcf7-validates-as-required demande\" id=\"demande\" aria-required=\"true\" aria-invalid=\"false\"><option value=\"Demande d&#039;info\">Demande d&#039;info<\/option><option value=\"Demande de devis\">Demande de devis<\/option><\/select><\/span><\/p>\n<p><span class=\"wpcf7-form-control-wrap menu-53\"><select name=\"menu-53[]\" class=\"wpcf7-form-control wpcf7-select wpcf7-validates-as-required structure\" id=\"structure\" aria-required=\"true\" aria-invalid=\"false\" multiple=\"multiple\"><option value=\"CE\/CSE\">CE\/CSE<\/option><option value=\"\u00c9cole\">\u00c9cole<\/option><option value=\"Soci\u00e9t\u00e9\">Soci\u00e9t\u00e9<\/option><option value=\"Mairie\">Mairie<\/option><option value=\"Collectivit\u00e9\">Collectivit\u00e9<\/option><option value=\"Association\">Association<\/option><\/select><\/span><\/p>\n<p><label>Nom de la structure *<br \/>\n    <span class=\"wpcf7-form-control-wrap your-structure\"><input type=\"text\" name=\"your-structure\" value=\"\" size=\"40\" class=\"wpcf7-form-control wpcf7-text wpcf7-validates-as-required\" aria-required=\"true\" aria-invalid=\"false\" \/><\/span> <\/label><\/p>\n<p><label>Nom du contact *<br \/>\n    <span class=\"wpcf7-form-control-wrap your-contact\"><input type=\"text\" name=\"your-contact\" value=\"\" size=\"40\" class=\"wpcf7-form-control wpcf7-text wpcf7-validates-as-required\" aria-required=\"true\" aria-invalid=\"false\" \/><\/span> <\/label><\/p>\n<p><label>Votre num\u00e9ro de t\u00e9l\u00e9phone *<br \/>\n<span class=\"wpcf7-form-control-wrap tel-64\"><input type=\"tel\" name=\"tel-64\" value=\"\" size=\"40\" class=\"wpcf7-form-control wpcf7-text wpcf7-tel wpcf7-validates-as-required wpcf7-validates-as-tel tel\" id=\"tel\" aria-required=\"true\" aria-invalid=\"false\" \/><\/span><\/label><\/p>\n<p><label> Votre adresse de messagerie *<br \/>\n    <span class=\"wpcf7-form-control-wrap your-email\"><input type=\"email\" name=\"your-email\" value=\"\" size=\"40\" class=\"wpcf7-form-control wpcf7-text wpcf7-email wpcf7-validates-as-required wpcf7-validates-as-email\" aria-required=\"true\" aria-invalid=\"false\" \/><\/span> <\/label><\/p>\n<p><label>Votre adresse (obligatoire)<br \/>\n    <span class=\"wpcf7-form-control-wrap your-adresse\"><input type=\"text\" name=\"your-adresse\" value=\"\" size=\"40\" class=\"wpcf7-form-control wpcf7-text wpcf7-validates-as-required\" aria-required=\"true\" aria-invalid=\"false\" \/><\/span> <\/label><\/p>\n<p><label>Votre code postal *<br \/>\n    <span class=\"wpcf7-form-control-wrap your-code-postal\"><input type=\"text\" name=\"your-code-postal\" value=\"\" size=\"40\" class=\"wpcf7-form-control wpcf7-text wpcf7-validates-as-required\" aria-required=\"true\" aria-invalid=\"false\" \/><\/span> <\/label><\/p>\n<p><label>Votre commune *<br \/>\n    <span class=\"wpcf7-form-control-wrap your-commune\"><input type=\"text\" name=\"your-commune\" value=\"\" size=\"40\" class=\"wpcf7-form-control wpcf7-text wpcf7-validates-as-required\" aria-required=\"true\" aria-invalid=\"false\" \/><\/span> <\/label><\/p>\n<p><label>Budget estim\u00e9 (estimation)<br \/>\n    <span class=\"wpcf7-form-control-wrap your-budjet\"><input type=\"text\" name=\"your-budjet\" value=\"\" size=\"40\" class=\"wpcf7-form-control wpcf7-text\" aria-invalid=\"false\" \/><\/span> <\/label><\/p>\n<p><label>Nombre de personnes concern\u00e9es (estimation)<br \/>\n    <span class=\"wpcf7-form-control-wrap your-personnes-concerne\"><input type=\"text\" name=\"your-personnes-concerne\" value=\"\" size=\"40\" class=\"wpcf7-form-control wpcf7-text\" aria-invalid=\"false\" \/><\/span> <\/label><\/p>\n<p><label> Objet<br \/>\n    <span class=\"wpcf7-form-control-wrap your-subject\"><input type=\"text\" name=\"your-subject\" value=\"\" size=\"40\" class=\"wpcf7-form-control wpcf7-text\" aria-invalid=\"false\" \/><\/span> <\/label><\/p>\n<p><label> Votre message<br \/>\n    <span class=\"wpcf7-form-control-wrap your-message\"><textarea name=\"your-message\" cols=\"40\" rows=\"10\" class=\"wpcf7-form-control wpcf7-textarea\" aria-invalid=\"false\"><\/textarea><\/span> <\/label><\/p>\n<p>* Champs obligatoires<\/p>\n<p><input type=\"submit\" value=\"Envoyer\" class=\"wpcf7-form-control wpcf7-submit\" \/><\/p>\n<p style=\"display: none !important;\" class=\"akismet-fields-container\" data-prefix=\"_wpcf7_ak_\"><label>&#916;<textarea name=\"_wpcf7_ak_hp_textarea\" cols=\"45\" rows=\"8\" maxlength=\"100\"><\/textarea><\/label><input type=\"hidden\" id=\"ak_js_1\" name=\"_wpcf7_ak_js\" value=\"238\"\/><script>document.getElementById( \"ak_js_1\" ).setAttribute( \"value\", ( new Date() ).getTime() );<\/script><\/p><div class=\"wpcf7-response-output wpcf7-display-none\"><\/div><\/form><\/div><\/div>\n\t\t\t\t<\/div>\n\t\t\t\t<\/div>\n\t\t\t\t\t\t<\/div>\n\t\t\t\t\t<\/div>\n\t\t<\/div>\n\t\t\t\t\t\t\t\t<\/div>\n\t\t\t\t\t<\/div>\n\t\t<\/section>\n\t\t\t\t\t\t\t\t\t<\/div>\n\t\t\t<\/div>\n\t\t\t\t\t<\/div>\n\t\t","protected":false},"excerpt":{"rendered":"<p>COMIT\u00c9S d&rsquo;ENTREPRISES &#8211; CSE COLLECTIVIT\u00c9S &#8211; ADMINISTRATION M\u00eame si c&rsquo;est \u00e0 No\u00ebl et \u00e0 P\u00e2ques que nous sommes le plus sollicit\u00e9s, nous proposons tout au long de l&rsquo;ann\u00e9e aux comit\u00e9s d&rsquo;entreprises, entreprises ou collectivit\u00e9s une gamme de chocolats \u00e0 des prix tr\u00e8s \u00e9tudi\u00e9s pour vos commandes group\u00e9es. D\u00e9clin\u00e9e en sachets de 250g et 500g ou [&hellip;]<\/p>\n","protected":false},"author":1,"featured_media":0,"parent":0,"menu_order":0,"comment_status":"closed","ping_status":"closed","template":"plus\/template-pro.php","meta":{"_exactmetrics_skip_tracking":false,"_exactmetrics_sitenote_active":false,"_exactmetrics_sitenote_note":"","_exactmetrics_sitenote_category":0},"_links":{"self":[{"href":"https:\/\/www.chocolats-chocogil.com\/espace-professionnels\/wp-json\/wp\/v2\/pages\/1534"}],"collection":[{"href":"https:\/\/www.chocolats-chocogil.com\/espace-professionnels\/wp-json\/wp\/v2\/pages"}],"about":[{"href":"https:\/\/www.chocolats-chocogil.com\/espace-professionnels\/wp-json\/wp\/v2\/types\/page"}],"author":[{"embeddable":true,"href":"https:\/\/www.chocolats-chocogil.com\/espace-professionnels\/wp-json\/wp\/v2\/users\/1"}],"replies":[{"embeddable":true,"href":"https:\/\/www.chocolats-chocogil.com\/espace-professionnels\/wp-json\/wp\/v2\/comments?post=1534"}],"version-history":[{"count":63,"href":"https:\/\/www.chocolats-chocogil.com\/espace-professionnels\/wp-json\/wp\/v2\/pages\/1534\/revisions"}],"predecessor-version":[{"id":3633,"href":"https:\/\/www.chocolats-chocogil.com\/espace-professionnels\/wp-json\/wp\/v2\/pages\/1534\/revisions\/3633"}],"wp:attachment":[{"href":"https:\/\/www.chocolats-chocogil.com\/espace-professionnels\/wp-json\/wp\/v2\/media?parent=1534"}],"curies":[{"name":"wp","href":"https:\/\/api.w.org\/{rel}","templated":true}]}}