{"id":298,"date":"2017-02-08T12:52:57","date_gmt":"2017-02-08T11:52:57","guid":{"rendered":"http:\/\/www.chocolats-chocogil.com\/espace-professionnels\/?page_id=298"},"modified":"2019-10-07T16:25:00","modified_gmt":"2019-10-07T14:25:00","slug":"notre-savoir","status":"publish","type":"page","link":"https:\/\/www.chocolats-chocogil.com\/espace-professionnels\/notre-savoir\/","title":{"rendered":"Notre savoir-faire"},"content":{"rendered":"\t\t<div data-elementor-type=\"wp-post\" data-elementor-id=\"298\" class=\"elementor elementor-298\">\n\t\t\t\t\t\t<div class=\"elementor-inner\">\n\t\t\t\t<div class=\"elementor-section-wrap\">\n\t\t\t\t\t\t\t\t\t<section class=\"elementor-section elementor-top-section elementor-element elementor-element-xh3mpd4 elementor-section-boxed elementor-section-height-default elementor-section-height-default\" data-id=\"xh3mpd4\" data-element_type=\"section\">\n\t\t\t\t\t\t<div class=\"elementor-container elementor-column-gap-default\">\n\t\t\t\t\t\t\t<div class=\"elementor-row\">\n\t\t\t\t\t<div class=\"elementor-column elementor-col-100 elementor-top-column elementor-element elementor-element-xs5iq77\" data-id=\"xs5iq77\" data-element_type=\"column\">\n\t\t\t<div class=\"elementor-column-wrap elementor-element-populated\">\n\t\t\t\t\t\t\t<div class=\"elementor-widget-wrap\">\n\t\t\t\t\t\t<div class=\"elementor-element elementor-element-rxk0gsb elementor-widget elementor-widget-heading\" data-id=\"rxk0gsb\" data-element_type=\"widget\" data-widget_type=\"heading.default\">\n\t\t\t\t<div class=\"elementor-widget-container\">\n\t\t\t<h2 class=\"elementor-heading-title elementor-size-default\">Depuis 60 ans, CHOCOGIL est au\nservice des professionnels. <\/h2>\t\t<\/div>\n\t\t\t\t<\/div>\n\t\t\t\t\t\t<\/div>\n\t\t\t\t\t<\/div>\n\t\t<\/div>\n\t\t\t\t\t\t\t\t<\/div>\n\t\t\t\t\t<\/div>\n\t\t<\/section>\n\t\t\t\t<section class=\"elementor-section elementor-top-section elementor-element elementor-element-8othd8n elementor-section-boxed elementor-section-height-default elementor-section-height-default\" data-id=\"8othd8n\" data-element_type=\"section\">\n\t\t\t\t\t\t<div class=\"elementor-container elementor-column-gap-default\">\n\t\t\t\t\t\t\t<div class=\"elementor-row\">\n\t\t\t\t\t<div class=\"elementor-column elementor-col-100 elementor-top-column elementor-element elementor-element-maunvsc\" data-id=\"maunvsc\" data-element_type=\"column\">\n\t\t\t<div class=\"elementor-column-wrap elementor-element-populated\">\n\t\t\t\t\t\t\t<div class=\"elementor-widget-wrap\">\n\t\t\t\t\t\t<div class=\"elementor-element elementor-element-uan3r16 elementor-widget-divider--view-line elementor-widget elementor-widget-divider\" data-id=\"uan3r16\" data-element_type=\"widget\" data-widget_type=\"divider.default\">\n\t\t\t\t<div class=\"elementor-widget-container\">\n\t\t\t\t\t<div class=\"elementor-divider\">\n\t\t\t<span class=\"elementor-divider-separator\">\n\t\t\t\t\t\t<\/span>\n\t\t<\/div>\n\t\t\t\t<\/div>\n\t\t\t\t<\/div>\n\t\t\t\t<div class=\"elementor-element elementor-element-set6kei elementor-widget elementor-widget-text-editor\" data-id=\"set6kei\" data-element_type=\"widget\" data-widget_type=\"text-editor.default\">\n\t\t\t\t<div class=\"elementor-widget-container\">\n\t\t\t\t\t\t\t\t<div class=\"elementor-text-editor elementor-clearfix\">\n\t\t\t\t<p>Professionnels des m\u00e9tiers de bouche, bien s\u00fbr, mais CHOCOGIL chocolatier fran\u00e7ais\u00a0propose \u00e9galement et depuis longtemps ses sp\u00e9cialit\u00e9s aux viticulteurs, aux cavistes, aux \u00e9piceries fines, aux boutiques de sp\u00e9cialit\u00e9s r\u00e9gionales, aux boutiques de souvenirs dans les zones touristiques&#8230;etc.<\/p><p>Au-del\u00e0 de tout, notre objectif reste l&rsquo;enti\u00e8re <span style=\"color: #dfc15e;\">SATISFACTION<\/span> de notre client\u00e8le, c&rsquo;est-\u00e0-dire <span style=\"color: #dfc15e;\">VOUS<\/span>.<\/p>\t\t\t\t\t<\/div>\n\t\t\t\t\t\t<\/div>\n\t\t\t\t<\/div>\n\t\t\t\t\t\t<\/div>\n\t\t\t\t\t<\/div>\n\t\t<\/div>\n\t\t\t\t\t\t\t\t<\/div>\n\t\t\t\t\t<\/div>\n\t\t<\/section>\n\t\t\t\t<section class=\"elementor-section elementor-top-section elementor-element elementor-element-n67i2hl elementor-section-boxed elementor-section-height-default elementor-section-height-default\" data-id=\"n67i2hl\" data-element_type=\"section\">\n\t\t\t\t\t\t<div class=\"elementor-container elementor-column-gap-default\">\n\t\t\t\t\t\t\t<div class=\"elementor-row\">\n\t\t\t\t\t<div class=\"elementor-column elementor-col-100 elementor-top-column elementor-element elementor-element-fsq8rv9\" data-id=\"fsq8rv9\" data-element_type=\"column\">\n\t\t\t<div class=\"elementor-column-wrap elementor-element-populated\">\n\t\t\t\t\t\t\t<div class=\"elementor-widget-wrap\">\n\t\t\t\t\t\t<div class=\"elementor-element elementor-element-g57nl1w elementor-widget elementor-widget-text-editor\" data-id=\"g57nl1w\" data-element_type=\"widget\" data-widget_type=\"text-editor.default\">\n\t\t\t\t<div class=\"elementor-widget-container\">\n\t\t\t\t\t\t\t\t<div class=\"elementor-text-editor elementor-clearfix\">\n\t\t\t\t<p style=\"text-align: center;\"><b>POUR CHOCOGIL, QUELQUES OBLIGATIONS QUOTIDIENNES<\/b><\/p><p>\u00a0<\/p>\t\t\t\t\t<\/div>\n\t\t\t\t\t\t<\/div>\n\t\t\t\t<\/div>\n\t\t\t\t\t\t<\/div>\n\t\t\t\t\t<\/div>\n\t\t<\/div>\n\t\t\t\t\t\t\t\t<\/div>\n\t\t\t\t\t<\/div>\n\t\t<\/section>\n\t\t\t\t<section class=\"elementor-section elementor-top-section elementor-element elementor-element-hfamk0t elementor-section-boxed elementor-section-height-default elementor-section-height-default\" data-id=\"hfamk0t\" data-element_type=\"section\">\n\t\t\t\t\t\t<div class=\"elementor-container elementor-column-gap-default\">\n\t\t\t\t\t\t\t<div class=\"elementor-row\">\n\t\t\t\t\t<div class=\"elementor-column elementor-col-25 elementor-top-column elementor-element elementor-element-o2hak6n\" data-id=\"o2hak6n\" data-element_type=\"column\">\n\t\t\t<div class=\"elementor-column-wrap elementor-element-populated\">\n\t\t\t\t\t\t\t<div class=\"elementor-widget-wrap\">\n\t\t\t\t\t\t<div class=\"elementor-element elementor-element-w0ser3b elementor-view-default elementor-widget elementor-widget-icon\" data-id=\"w0ser3b\" data-element_type=\"widget\" data-widget_type=\"icon.default\">\n\t\t\t\t<div class=\"elementor-widget-container\">\n\t\t\t\t\t<div class=\"elementor-icon-wrapper\">\n\t\t\t<div class=\"elementor-icon\">\n\t\t\t\t\t\t\t<i class=\"fa fa-spoon\" aria-hidden=\"true\"><\/i>\n\t\t\t\t\t\t<\/div>\n\t\t<\/div>\n\t\t\t\t<\/div>\n\t\t\t\t<\/div>\n\t\t\t\t<div class=\"elementor-element elementor-element-7bky1uc elementor-widget elementor-widget-text-editor\" data-id=\"7bky1uc\" data-element_type=\"widget\" data-widget_type=\"text-editor.default\">\n\t\t\t\t<div class=\"elementor-widget-container\">\n\t\t\t\t\t\t\t\t<div class=\"elementor-text-editor elementor-clearfix\">\n\t\t\t\t<p><b>\u00c9laborer<\/b><strong>\u00a0ses chocolats dans la grande tradition chocolati\u00e8re fran\u00e7aise<\/strong><\/p><p><em>Une s\u00e9lection\u00a0des meilleurs\u00a0<\/em><i>ingr\u00e9dients, des couvertures de chocolat \u00ab\u00a0haute teneur\u00a0\u00bb, des recettes traditionnelles, un contr\u00f4le permanent.<br \/> La formule CHOCOGIL pour vous proposer des chocolats de qualit\u00e9.<\/i><\/p><p>\u00a0<\/p>\t\t\t\t\t<\/div>\n\t\t\t\t\t\t<\/div>\n\t\t\t\t<\/div>\n\t\t\t\t\t\t<\/div>\n\t\t\t\t\t<\/div>\n\t\t<\/div>\n\t\t\t\t<div class=\"elementor-column elementor-col-25 elementor-top-column elementor-element elementor-element-rhw7apr\" data-id=\"rhw7apr\" data-element_type=\"column\">\n\t\t\t<div class=\"elementor-column-wrap elementor-element-populated\">\n\t\t\t\t\t\t\t<div class=\"elementor-widget-wrap\">\n\t\t\t\t\t\t<div class=\"elementor-element elementor-element-pfm28v3 elementor-view-default elementor-widget elementor-widget-icon\" data-id=\"pfm28v3\" data-element_type=\"widget\" data-widget_type=\"icon.default\">\n\t\t\t\t<div class=\"elementor-widget-container\">\n\t\t\t\t\t<div class=\"elementor-icon-wrapper\">\n\t\t\t<div class=\"elementor-icon\">\n\t\t\t\t\t\t\t<i class=\"fa fa-phone\" aria-hidden=\"true\"><\/i>\n\t\t\t\t\t\t<\/div>\n\t\t<\/div>\n\t\t\t\t<\/div>\n\t\t\t\t<\/div>\n\t\t\t\t<div class=\"elementor-element elementor-element-mvxza4g elementor-widget elementor-widget-text-editor\" data-id=\"mvxza4g\" data-element_type=\"widget\" data-widget_type=\"text-editor.default\">\n\t\t\t\t<div class=\"elementor-widget-container\">\n\t\t\t\t\t\t\t\t<div class=\"elementor-text-editor elementor-clearfix\">\n\t\t\t\t<p><strong>Vous \u00e9couter et surtout vous donner des r\u00e9ponses<br \/><\/strong><\/p><p><em>Des informations sur vos commandes, des renseignements sur nos tarifs ou nos services.<\/em><br \/><em>CHOCOGIL s&rsquo;engage \u00e0 vous communiquer une r\u00e9ponse rapide et pr\u00e9cise.<\/em><br \/><br \/><\/p><p><em>\u00a0<\/em><\/p>\t\t\t\t\t<\/div>\n\t\t\t\t\t\t<\/div>\n\t\t\t\t<\/div>\n\t\t\t\t\t\t<\/div>\n\t\t\t\t\t<\/div>\n\t\t<\/div>\n\t\t\t\t<div class=\"elementor-column elementor-col-25 elementor-top-column elementor-element elementor-element-gymin4e\" data-id=\"gymin4e\" data-element_type=\"column\">\n\t\t\t<div class=\"elementor-column-wrap elementor-element-populated\">\n\t\t\t\t\t\t\t<div class=\"elementor-widget-wrap\">\n\t\t\t\t\t\t<div class=\"elementor-element elementor-element-ko3q01e elementor-view-default elementor-widget elementor-widget-icon\" data-id=\"ko3q01e\" data-element_type=\"widget\" data-widget_type=\"icon.default\">\n\t\t\t\t<div class=\"elementor-widget-container\">\n\t\t\t\t\t<div class=\"elementor-icon-wrapper\">\n\t\t\t<div class=\"elementor-icon\">\n\t\t\t\t\t\t\t<i class=\"fa fa-wechat\" aria-hidden=\"true\"><\/i>\n\t\t\t\t\t\t<\/div>\n\t\t<\/div>\n\t\t\t\t<\/div>\n\t\t\t\t<\/div>\n\t\t\t\t<div class=\"elementor-element elementor-element-hpzis6q elementor-widget elementor-widget-text-editor\" data-id=\"hpzis6q\" data-element_type=\"widget\" data-widget_type=\"text-editor.default\">\n\t\t\t\t<div class=\"elementor-widget-container\">\n\t\t\t\t\t\t\t\t<div class=\"elementor-text-editor elementor-clearfix\">\n\t\t\t\t<p><strong>Vous conseiller et vous informer<br \/><\/strong><\/p><p><em>Conseils de pr\u00e9sentation ou de conservation, informations sur nos bonbons de chocolat.<br \/><\/em><em>CHOCOGIL est \u00e0 votre disposition pour vous apporter tous les renseignements utiles.<\/em><\/p><p>\u00a0<\/p>\t\t\t\t\t<\/div>\n\t\t\t\t\t\t<\/div>\n\t\t\t\t<\/div>\n\t\t\t\t\t\t<\/div>\n\t\t\t\t\t<\/div>\n\t\t<\/div>\n\t\t\t\t<div class=\"elementor-column elementor-col-25 elementor-top-column elementor-element elementor-element-4dbjaub\" data-id=\"4dbjaub\" data-element_type=\"column\">\n\t\t\t<div class=\"elementor-column-wrap elementor-element-populated\">\n\t\t\t\t\t\t\t<div class=\"elementor-widget-wrap\">\n\t\t\t\t\t\t<div class=\"elementor-element elementor-element-mejrcgc elementor-view-default elementor-widget elementor-widget-icon\" data-id=\"mejrcgc\" data-element_type=\"widget\" data-widget_type=\"icon.default\">\n\t\t\t\t<div class=\"elementor-widget-container\">\n\t\t\t\t\t<div class=\"elementor-icon-wrapper\">\n\t\t\t<div class=\"elementor-icon\">\n\t\t\t\t\t\t\t<i class=\"fa fa-plane\" aria-hidden=\"true\"><\/i>\n\t\t\t\t\t\t<\/div>\n\t\t<\/div>\n\t\t\t\t<\/div>\n\t\t\t\t<\/div>\n\t\t\t\t<div class=\"elementor-element elementor-element-7zghzvn elementor-widget elementor-widget-text-editor\" data-id=\"7zghzvn\" data-element_type=\"widget\" data-widget_type=\"text-editor.default\">\n\t\t\t\t<div class=\"elementor-widget-container\">\n\t\t\t\t\t\t\t\t<div class=\"elementor-text-editor elementor-clearfix\">\n\t\t\t\t<p><strong>Pr\u00e9parer et exp\u00e9dier vos commandes dans les plus brefs d\u00e9lais<br \/><\/strong><\/p><p><em>Notre int\u00e9r\u00eat : vous servir au plus vite.<br \/>CHOCOGIL est reconnu par beaucoup pour ses d\u00e9lais rapides d&rsquo;exp\u00e9dition des commandes.<\/em><\/p><p><em>\u00a0<\/em><\/p><p>\u00a0<\/p>\t\t\t\t\t<\/div>\n\t\t\t\t\t\t<\/div>\n\t\t\t\t<\/div>\n\t\t\t\t\t\t<\/div>\n\t\t\t\t\t<\/div>\n\t\t<\/div>\n\t\t\t\t\t\t\t\t<\/div>\n\t\t\t\t\t<\/div>\n\t\t<\/section>\n\t\t\t\t<section class=\"elementor-section elementor-top-section elementor-element elementor-element-aynbuem elementor-section-boxed elementor-section-height-default elementor-section-height-default\" data-id=\"aynbuem\" data-element_type=\"section\">\n\t\t\t\t\t\t<div class=\"elementor-container elementor-column-gap-default\">\n\t\t\t\t\t\t\t<div class=\"elementor-row\">\n\t\t\t\t\t<div class=\"elementor-column elementor-col-100 elementor-top-column elementor-element elementor-element-uvhyn96\" data-id=\"uvhyn96\" data-element_type=\"column\">\n\t\t\t<div class=\"elementor-column-wrap elementor-element-populated\">\n\t\t\t\t\t\t\t<div class=\"elementor-widget-wrap\">\n\t\t\t\t\t\t<div class=\"elementor-element elementor-element-joftih1 elementor-widget elementor-widget-text-editor\" data-id=\"joftih1\" data-element_type=\"widget\" data-widget_type=\"text-editor.default\">\n\t\t\t\t<div class=\"elementor-widget-container\">\n\t\t\t\t\t\t\t\t<div class=\"elementor-text-editor elementor-clearfix\">\n\t\t\t\t<p style=\"text-align: center;\">Au fil des ann\u00e9es,\u00a0l\u2019exp\u00e9rience sans cesse grandissante de CHOCOGIL est devenue SAVOIR-FAIRE. \u00a0Ce\u00a0savoir-faire est aujourd\u2019hui\u00a0\u00e0 votre disposition.<\/p>\t\t\t\t\t<\/div>\n\t\t\t\t\t\t<\/div>\n\t\t\t\t<\/div>\n\t\t\t\t\t\t<\/div>\n\t\t\t\t\t<\/div>\n\t\t<\/div>\n\t\t\t\t\t\t\t\t<\/div>\n\t\t\t\t\t<\/div>\n\t\t<\/section>\n\t\t\t\t<section class=\"elementor-section elementor-top-section elementor-element elementor-element-1f984e0 elementor-section-boxed elementor-section-height-default elementor-section-height-default\" data-id=\"1f984e0\" data-element_type=\"section\">\n\t\t\t\t\t\t<div class=\"elementor-container elementor-column-gap-default\">\n\t\t\t\t\t\t\t<div class=\"elementor-row\">\n\t\t\t\t\t<div class=\"elementor-column elementor-col-100 elementor-top-column elementor-element elementor-element-56acde0\" data-id=\"56acde0\" data-element_type=\"column\">\n\t\t\t<div class=\"elementor-column-wrap elementor-element-populated\">\n\t\t\t\t\t\t\t<div class=\"elementor-widget-wrap\">\n\t\t\t\t\t\t<div class=\"elementor-element elementor-element-4fe3443 elementor-aspect-ratio-169 elementor-widget elementor-widget-video\" data-id=\"4fe3443\" data-element_type=\"widget\" data-settings=\"{&quot;yt_privacy&quot;:&quot;yes&quot;,&quot;autoplay&quot;:&quot;yes&quot;,&quot;youtube_url&quot;:&quot;https:\\\/\\\/www.youtube.com\\\/watch?v=OnO7_yzxmhg&quot;,&quot;video_type&quot;:&quot;youtube&quot;,&quot;controls&quot;:&quot;yes&quot;,&quot;aspect_ratio&quot;:&quot;169&quot;}\" data-widget_type=\"video.default\">\n\t\t\t\t<div class=\"elementor-widget-container\">\n\t\t\t\t\t<div class=\"elementor-wrapper elementor-fit-aspect-ratio elementor-open-inline\">\n\t\t\t<div class=\"elementor-video\"><\/div>\t\t<\/div>\n\t\t\t\t<\/div>\n\t\t\t\t<\/div>\n\t\t\t\t\t\t<\/div>\n\t\t\t\t\t<\/div>\n\t\t<\/div>\n\t\t\t\t\t\t\t\t<\/div>\n\t\t\t\t\t<\/div>\n\t\t<\/section>\n\t\t\t\t\t\t\t\t\t<\/div>\n\t\t\t<\/div>\n\t\t\t\t\t<\/div>\n\t\t","protected":false},"excerpt":{"rendered":"<p>Depuis 60 ans, CHOCOGIL est au service des professionnels Professionnels des m\u00e9tiers de bouche, bien s\u00fbr, mais CHOCOGIL propose \u00e9galement et depuis longtemps ses sp\u00e9cialit\u00e9s aux viticulteurs, aux cavistes, aux \u00e9piceries fines, aux boutiques de sp\u00e9cialit\u00e9s r\u00e9gionales, aux boutiques de souvenirs dans les zones touristiques&#8230;etc. Au-del\u00e0 de tout, notre objectif reste l&rsquo;enti\u00e8re SATISFACTION de notre [&hellip;]<\/p>\n","protected":false},"author":1,"featured_media":0,"parent":0,"menu_order":0,"comment_status":"closed","ping_status":"closed","template":"plus\/template-pro.php","meta":{"_exactmetrics_skip_tracking":false,"_exactmetrics_sitenote_active":false,"_exactmetrics_sitenote_note":"","_exactmetrics_sitenote_category":0},"_links":{"self":[{"href":"https:\/\/www.chocolats-chocogil.com\/espace-professionnels\/wp-json\/wp\/v2\/pages\/298"}],"collection":[{"href":"https:\/\/www.chocolats-chocogil.com\/espace-professionnels\/wp-json\/wp\/v2\/pages"}],"about":[{"href":"https:\/\/www.chocolats-chocogil.com\/espace-professionnels\/wp-json\/wp\/v2\/types\/page"}],"author":[{"embeddable":true,"href":"https:\/\/www.chocolats-chocogil.com\/espace-professionnels\/wp-json\/wp\/v2\/users\/1"}],"replies":[{"embeddable":true,"href":"https:\/\/www.chocolats-chocogil.com\/espace-professionnels\/wp-json\/wp\/v2\/comments?post=298"}],"version-history":[{"count":60,"href":"https:\/\/www.chocolats-chocogil.com\/espace-professionnels\/wp-json\/wp\/v2\/pages\/298\/revisions"}],"predecessor-version":[{"id":3204,"href":"https:\/\/www.chocolats-chocogil.com\/espace-professionnels\/wp-json\/wp\/v2\/pages\/298\/revisions\/3204"}],"wp:attachment":[{"href":"https:\/\/www.chocolats-chocogil.com\/espace-professionnels\/wp-json\/wp\/v2\/media?parent=298"}],"curies":[{"name":"wp","href":"https:\/\/api.w.org\/{rel}","templated":true}]}}